{"id":10233,"date":"2022-06-02T19:17:56","date_gmt":"2022-06-02T17:17:56","guid":{"rendered":"https:\/\/www.exoticwaikiki.com\/politica-de-privacidade\/"},"modified":"2022-06-06T21:22:37","modified_gmt":"2022-06-06T19:22:37","slug":"politica-de-privacidade","status":"publish","type":"page","link":"https:\/\/www.exoticwaikiki.com\/pt-pt\/politica-de-privacidade\/","title":{"rendered":"Pol\u00edtica de Privacidade"},"content":{"rendered":"\n<p>De acordo com o disposto no Regulamento (UE) 2016\/679 do Parlamento Europeu e do Conselho de 27 de abril de 2016 relativo \u00e0 prote\u00e7\u00e3o das pessoas f\u00edsicas no que diz respeito ao tratamento de dados pessoais e \u00e0 livre circula\u00e7\u00e3o destes dados e que revoga a Diretiva 95\/46\/CE (adiante, \u201cRGPD\u201d), informamos, em seguida, sobre a nossa pol\u00edtica de prote\u00e7\u00e3o de dados.<\/p>\n\n<p>Dados do Encarregado do tratamento.<\/p>\n\n<p>Denomina\u00e7\u00e3o social: SEMILLAS FIT\u00d3, SAU<br\/>NIF: A08469215<br\/>Morada postal: c\/ Selva de Mar, n\u00fam. 111 (08019 Barcelona)<br\/>Telefone: + 34 933036360<br\/>E-mail: info@semillasfito.com<br\/>Dados de contacto do Delegado de Prote\u00e7\u00e3o de Dados (DPD): rgpd@semillasfito.com<\/p>\n\n<p>Finalidade, legitima\u00e7\u00e3o e prazo de conserva\u00e7\u00e3o dos dados.<\/p>\n\n<p>Em seguida, encontrar\u00e1 uma tabela que identifica a finalidade do tratamento dos seus dados pessoais, ou seja, o motivo pelo qual a Semillas Fit\u00f3 trata os seus dados pessoais, a base legal que permite o tratamento para a finalidade indicada e o per\u00edodo de conserva\u00e7\u00e3o dos seus dados.<\/p>\n\n<figure class=\"wp-block-table\"><table class=\"has-fixed-layout\"><tbody><tr><td><strong>FINALIDADE DO TRATAMENTO<\/strong><\/td><td><strong>BASE LEGAL<\/strong><\/td><td><strong>PER\u00cdODO DE CONSERVA\u00c7\u00c3O<\/strong><\/td><\/tr><tr><td>A gest\u00e3o da sua participa\u00e7\u00e3o no processo de sele\u00e7\u00e3o que motivou o envio do seu curr\u00edculo atrav\u00e9s do nosso s\u00edtio, bem como, quando apropriado, a gest\u00e3o da sua participa\u00e7\u00e3o em futuros processos de sele\u00e7\u00e3o da Semillas Fit\u00f3 adequados ao seu perfil profissional.<\/td><td>Execu\u00e7\u00e3o do contrato resultante do preenchimento do formul\u00e1rio de contacto habilitado para efeitos de participa\u00e7\u00e3o no processo de sele\u00e7\u00e3o que motivou o envio do seu curr\u00edculo e, quando apropriado, o consentimento que nos foi dado para a gest\u00e3o da sua participa\u00e7\u00e3o em processos futuros de sele\u00e7\u00e3o da Semillas Fit\u00f3 que se encaixem no seu perfil profissional.<\/td><td>Durante o per\u00edodo do processo de sele\u00e7\u00e3o, se n\u00e3o tiver sido finalmente selecionado.<br\/><br\/>consentimento para o tratamento dos seus dados com a finalidade de gerir a sua participa\u00e7\u00e3o em futuros processos de sele\u00e7\u00e3o que se encaixem no seu perfil profissional, durante um per\u00edodo m\u00e1ximo de dois (2) anos a partir da data em que os facilitou (considerando que, ap\u00f3s o referido per\u00edodo, as informa\u00e7\u00f5es do seu CV estar\u00e3o desatualizadas).<\/td><\/tr><tr><td>A gest\u00e3o do pedido de informa\u00e7\u00e3o sobre produtos da Semillas Fit\u00f3 por parte do interessado.<\/td><td>A execu\u00e7\u00e3o do contrato resultante do preenchimento do formul\u00e1rio de contacto habilitado para efeitos de solicitar informa\u00e7\u00e3o sobre os produtos da Semillas Fit\u00f3.<\/td><td>A execu\u00e7\u00e3o do contrato resultante do preenchimento do formul\u00e1rio de contacto habilitado para efeitos de solicitar informa\u00e7\u00e3o sobre os produtos da Semillas Fit\u00f3. At\u00e9 que nos comunique expressamente a sua vontade de deixar de receber essa informa\u00e7\u00e3o.<\/td><\/tr><tr><td>A gest\u00e3o do pedido de visita de culturas de teste da Semillas Fit\u00f3 por parte do interessado.<\/td><td>A execu\u00e7\u00e3o do contrato resultante do preenchimento do formul\u00e1rio habilitado para efeitos de solicitar uma visita a culturas de teste da Semillas Fit\u00f3.<\/td><td>At\u00e9 que tenha realizado a visita \u00e0 cultura de teste da Semillas Fit\u00f3.<\/td><\/tr><tr><td>Gest\u00e3o, quando apropriado, dos seus direitos como parte interessada.<\/td><td>Cumprimento de uma obriga\u00e7\u00e3o legal aplic\u00e1vel \u00e0 Semillas Fit\u00f3.<\/td><td>Durante o tempo necess\u00e1rio para resolver os pedidos e\/ou reclama\u00e7\u00f5es.<\/td><\/tr><\/tbody><\/table><\/figure>\n<p>Caso a Semillas Fit\u00f3 trate os seus dados pessoais para um fim diferente do indicado na tabela anterior, a Semillas Fit\u00f3 inform\u00e1-lo-\u00e1, antes do<br\/>tratamento, sobre a finalidade do mesmo e facilitar-lhe-\u00e1 qualquer outra informa\u00e7\u00e3o adicional relevante de acordo com a legisla\u00e7\u00e3o aplic\u00e1vel, assim como solicitar\u00e1, se necess\u00e1rio, o seu consentimento, caso o mesmo seja necess\u00e1rio para justificar um tratamento leg\u00edtimo.<\/p>\n\n<p>Informamos igualmente que, \u00e0 margem dos per\u00edodos de reten\u00e7\u00e3o anteriormente referidos, conservaremos os seus dados durante os per\u00edodos obrigat\u00f3rios de prescri\u00e7\u00e3o com o objetivo de cumprir com as nossas obriga\u00e7\u00f5es legais e para a gest\u00e3o dos nossos direitos (interpor ou defender, conforme apropriado, uma reclama\u00e7\u00e3o), aplicando tamb\u00e9m o disposto no regulamento empresarial relativo aos per\u00edodos de arquivamento e reten\u00e7\u00e3o de documenta\u00e7\u00e3o. <\/p>\n\n<p>Destinat\u00e1rios dos dados: cession\u00e1rios e respons\u00e1veis pelo tratamento.<\/p>\n\n<p>Informamos que os seus dados n\u00e3o ser\u00e3o comunicados a terceiros, exceto obriga\u00e7\u00e3o legal.<\/p>\n\n<p>Adicionalmente, informamos que, em determinadas situa\u00e7\u00f5es, podemos comunicar os seus dados a outras entidades (incluindo empresas do Grupo Fit\u00f3), na qualidade de respons\u00e1veis pelo tratamento dos dados da titularidade da Semillas Fit\u00f3 e, em conformidade com o previsto no artigo 28 do RGPD, formalizou-se um contrato que legitima o acesso das referidas entidades aos dados pessoais e que inclui as obriga\u00e7\u00f5es que se devem contemplar no tratamento.<\/p>\n\n<p>De entre os respons\u00e1veis pelo tratamento indicados, \u00e9 necess\u00e1rio mencionar a empresa BIZNEO SOLUTIONS, SL, titular da plataforma utilizada pela Semillas Fit\u00f3 para a gest\u00e3o dos processos de sele\u00e7\u00e3o de pessoal.<\/p>\n\n<p><em>Transfer\u00eancias internacionais<\/em><\/p>\n\n<p>A Semillas Fit\u00f3 n\u00e3o realiza transfer\u00eancias internacionais dos seus dados pessoais. N\u00e3o obstante o anterior, o acesso aos seus dados por parte de Encarregados do Tratamento pode implicar necessariamente a transfer\u00eancia internacional de dados que, em qualquer caso, ser\u00e1 levada a cabo com base numa decis\u00e3o de adequa\u00e7\u00e3o (pa\u00eds terceiro que garante um n\u00edvel de prote\u00e7\u00e3o adequado) ou mediante garantias adequadas (cl\u00e1usulas tipo de prote\u00e7\u00e3o de dados, normas empresariais vinculativas). A referida informa\u00e7\u00e3o encontra-se \u00e0 disposi\u00e7\u00e3o dos interessados, podendo solicitar-se informa\u00e7\u00f5es a esse respeito atrav\u00e9s de email para o endere\u00e7o de contacto do Delegado de Prote\u00e7\u00e3o de Dados.<\/p>\n\n<p>Direitos do interessado.<\/p>\n\n<p>Em seguida, informamos que, relativamente ao tratamento dos seus dados de car\u00e1ter pessoal, tem direito:<\/p>\n\n<ul class=\"wp-block-list\"><li>A obter confirma\u00e7\u00e3o sobre se a Semillas Fit\u00f3 est\u00e1 a tratar os dados pessoais que lhe dizem respeito ou n\u00e3o.<\/li><li>A solicitar o acesso, a retifica\u00e7\u00e3o de dados inexatos ou incompletos e, conforme apropriado, a supress\u00e3o dos seus dados quando, entre outros motivos, estes j\u00e1 n\u00e3o forem necess\u00e1rios para os fins para os quais foram recolhidos.<\/li><li>Em determinadas circunst\u00e2ncias, pode:<\/li><\/ul>\n<p>solicitar a limita\u00e7\u00e3o do tratamento dos seus dados, em cujo caso unicamente os conservaremos para o exerc\u00edcio ou a defesa de reclama\u00e7\u00f5es. <\/p>\n\n<p>por motivos relacionados com a sua situa\u00e7\u00e3o particular, opor-se ao tratamento dos seus dados, em cujo caso os deixaremos de tratar, salvo por motivos leg\u00edtimos imperiosos ou para o exerc\u00edcio ou a defesa de poss\u00edveis reclama\u00e7\u00f5es.<\/p>\n\n<ul class=\"wp-block-list\"><li>A receber os dados pessoais que lhe dizem respeito e que nos tenha facilitado, num formato estruturado, de utiliza\u00e7\u00e3o comum e leitura mec\u00e2nica, e a transmiti-los a outro encarregado de tratamento sem que n\u00f3s o impe\u00e7amos. Nesse sentido, pode solicitar que transmitamos diretamente, caso seja tecnicamente poss\u00edvel, os seus dados pessoais ao encarregado de tratamento que nos indique na sua comunica\u00e7\u00e3o.<\/li><li>A retirar o seu consentimento, caso tenha facilitado o seu consentimento para uma finalidade espec\u00edfica. A retirada do consentimento n\u00e3o afetar\u00e1 a licitude do tratamento baseada no consentimento anterior \u00e0 sua retirada. A retirar o seu consentimento, caso tenha facilitado o seu consentimento para uma finalidade espec\u00edfica. A retirada do consentimento n\u00e3o afetar\u00e1 a licitude do tratamento baseada no consentimento anterior \u00e0 sua retirada.<\/li><\/ul>\n<p>Pode exercer os seus direitos, em qualquer momento e de forma gratuita, enviando um e-mail para rgpd@semillasfito.com, assinado digitalmente (DNI (Documento de Identifica\u00e7\u00e3o eletr\u00f3nico ou outro certificado reconhecido) ou atrav\u00e9s de uma comunica\u00e7\u00e3o escrita endere\u00e7ada \u00e0 SEMILLAS FIT\u00d3, SAU, com morada para efeitos de tratamento de prote\u00e7\u00e3o de dados na calle Selva de Mar, n.\u00ba 111, 08019 Barcelona (Ref. RGPD). O conte\u00fado do seu pedido deve incluir: o seu nome e apelidos; fotoc\u00f3pia do seu documento nacional de identidade, passaporte ou outro documento v\u00e1lido que o identifique e, caso seja necess\u00e1rio, da pessoa que o represente, assim como o documento ou instrumento eletr\u00f3nico justificativo de tal representa\u00e7\u00e3o; detalhe do pedido que realiza e documentos justificativos do mesmo, caso seja necess\u00e1rio, morada para efeito de notifica\u00e7\u00f5es; data e assinatura; e<\/p>\n\n<p>Pode obter informa\u00e7\u00e3o adicional visitando a p\u00e1gina web da Ag\u00eancia Espanhola de Prote\u00e7\u00e3o de Dados https:\/\/www.aepd.es\/reglamento\/derechos\/index.html<\/p>\n\n<p>Finalmente, se considera que o tratamento dos seus dados pessoais infringe o regulamento aplic\u00e1vel ou, simplesmente, n\u00e3o est\u00e1 satisfeito com o exerc\u00edcio dos seus direitos, tem direito a apresentar uma reclama\u00e7\u00e3o junto da Ag\u00eancia Espanhola de Prote\u00e7\u00e3o de Dados atrav\u00e9s de uma das seguintes vias: (i) Atrav\u00e9s do telefone +34 901 100 099 ou +34 912 663 517; (ii) atrav\u00e9s de meios eletr\u00f3nicos, dirigindo-se \u00e0 p\u00e1gina webhttps:\/\/sedeagpd.gob.es\/sede-electronica-web\/vistas\/formNuevaReclamacion\/reclamacion.jsf; (iii) presencialmente dirigindo-se \u00e0 rua Jorge Juan, n.\u00ba 6 (28001) de Madrid.<\/p>\n","protected":false},"excerpt":{"rendered":"<p>De acordo com o disposto no Regulamento (UE) 2016\/679 do Parlamento Europeu e do Conselho de 27 de abril de<\/p>\n","protected":false},"author":1,"featured_media":0,"parent":0,"menu_order":0,"comment_status":"closed","ping_status":"closed","template":"","meta":{"_acf_changed":false,"footnotes":""},"class_list":["post-10233","page","type-page","status-publish","hentry"],"acf":[],"yoast_head":"<!-- This site is optimized with the Yoast SEO plugin v26.5 - https:\/\/yoast.com\/wordpress\/plugins\/seo\/ -->\n<title>Pol\u00edtica de Privacidade | Waikiki | No es un Mel\u00f3n, Es un Fruto Ex\u00f3tico<\/title>\n<meta name=\"robots\" content=\"index, follow, max-snippet:-1, max-image-preview:large, max-video-preview:-1\" \/>\n<link rel=\"canonical\" href=\"https:\/\/www.exoticwaikiki.com\/pt-pt\/politica-de-privacidade\/\" \/>\n<meta property=\"og:locale\" content=\"pt_PT\" \/>\n<meta property=\"og:type\" content=\"article\" \/>\n<meta property=\"og:title\" content=\"Pol\u00edtica de Privacidade | Waikiki | No es un Mel\u00f3n, Es un Fruto Ex\u00f3tico\" \/>\n<meta property=\"og:description\" content=\"De acordo com o disposto no Regulamento (UE) 2016\/679 do Parlamento Europeu e do Conselho de 27 de abril de\" \/>\n<meta property=\"og:url\" content=\"https:\/\/www.exoticwaikiki.com\/pt-pt\/politica-de-privacidade\/\" \/>\n<meta property=\"og:site_name\" content=\"Waikiki | No es un Mel\u00f3n, Es un Fruto Ex\u00f3tico\" \/>\n<meta property=\"article:modified_time\" content=\"2022-06-06T19:22:37+00:00\" \/>\n<meta name=\"twitter:card\" content=\"summary_large_image\" \/>\n<meta name=\"twitter:label1\" content=\"Tempo estimado de leitura\" \/>\n\t<meta name=\"twitter:data1\" content=\"7 minutos\" \/>\n<script type=\"application\/ld+json\" class=\"yoast-schema-graph\">{\"@context\":\"https:\/\/schema.org\",\"@graph\":[{\"@type\":\"WebPage\",\"@id\":\"https:\/\/www.exoticwaikiki.com\/pt-pt\/politica-de-privacidade\/\",\"url\":\"https:\/\/www.exoticwaikiki.com\/pt-pt\/politica-de-privacidade\/\",\"name\":\"Pol\u00edtica de Privacidade | Waikiki | No es un Mel\u00f3n, Es un Fruto Ex\u00f3tico\",\"isPartOf\":{\"@id\":\"https:\/\/www.exoticwaikiki.com\/pt-pt\/#website\"},\"datePublished\":\"2022-06-02T17:17:56+00:00\",\"dateModified\":\"2022-06-06T19:22:37+00:00\",\"breadcrumb\":{\"@id\":\"https:\/\/www.exoticwaikiki.com\/pt-pt\/politica-de-privacidade\/#breadcrumb\"},\"inLanguage\":\"pt-PT\",\"potentialAction\":[{\"@type\":\"ReadAction\",\"target\":[\"https:\/\/www.exoticwaikiki.com\/pt-pt\/politica-de-privacidade\/\"]}]},{\"@type\":\"BreadcrumbList\",\"@id\":\"https:\/\/www.exoticwaikiki.com\/pt-pt\/politica-de-privacidade\/#breadcrumb\",\"itemListElement\":[{\"@type\":\"ListItem\",\"position\":1,\"name\":\"Portada\",\"item\":\"https:\/\/www.exoticwaikiki.com\/pt-pt\/\"},{\"@type\":\"ListItem\",\"position\":2,\"name\":\"Pol\u00edtica de Privacidade\"}]},{\"@type\":\"WebSite\",\"@id\":\"https:\/\/www.exoticwaikiki.com\/pt-pt\/#website\",\"url\":\"https:\/\/www.exoticwaikiki.com\/pt-pt\/\",\"name\":\"Waikiki | No es un Mel\u00f3n, Es un Fruto Ex\u00f3tico\",\"description\":\"Exotic Waikiki. M\u00e1s que un mel\u00f3n es una fruta ex\u00f3tica, jugosa, dulce y refrescante.\",\"publisher\":{\"@id\":\"https:\/\/www.exoticwaikiki.com\/pt-pt\/#organization\"},\"potentialAction\":[{\"@type\":\"SearchAction\",\"target\":{\"@type\":\"EntryPoint\",\"urlTemplate\":\"https:\/\/www.exoticwaikiki.com\/pt-pt\/?s={search_term_string}\"},\"query-input\":{\"@type\":\"PropertyValueSpecification\",\"valueRequired\":true,\"valueName\":\"search_term_string\"}}],\"inLanguage\":\"pt-PT\"},{\"@type\":\"Organization\",\"@id\":\"https:\/\/www.exoticwaikiki.com\/pt-pt\/#organization\",\"name\":\"Waikiki\",\"url\":\"https:\/\/www.exoticwaikiki.com\/pt-pt\/\",\"logo\":{\"@type\":\"ImageObject\",\"inLanguage\":\"pt-PT\",\"@id\":\"https:\/\/www.exoticwaikiki.com\/pt-pt\/#\/schema\/logo\/image\/\",\"url\":\"https:\/\/www.exoticwaikiki.com\/wp-content\/uploads\/2022\/04\/logo-waikiki-melon-exotic-exquisite-rgb.png\",\"contentUrl\":\"https:\/\/www.exoticwaikiki.com\/wp-content\/uploads\/2022\/04\/logo-waikiki-melon-exotic-exquisite-rgb.png\",\"width\":500,\"height\":500,\"caption\":\"Waikiki\"},\"image\":{\"@id\":\"https:\/\/www.exoticwaikiki.com\/pt-pt\/#\/schema\/logo\/image\/\"}}]}<\/script>\n<!-- \/ Yoast SEO plugin. -->","yoast_head_json":{"title":"Pol\u00edtica de Privacidade | Waikiki | No es un Mel\u00f3n, Es un Fruto Ex\u00f3tico","robots":{"index":"index","follow":"follow","max-snippet":"max-snippet:-1","max-image-preview":"max-image-preview:large","max-video-preview":"max-video-preview:-1"},"canonical":"https:\/\/www.exoticwaikiki.com\/pt-pt\/politica-de-privacidade\/","og_locale":"pt_PT","og_type":"article","og_title":"Pol\u00edtica de Privacidade | Waikiki | No es un Mel\u00f3n, Es un Fruto Ex\u00f3tico","og_description":"De acordo com o disposto no Regulamento (UE) 2016\/679 do Parlamento Europeu e do Conselho de 27 de abril de","og_url":"https:\/\/www.exoticwaikiki.com\/pt-pt\/politica-de-privacidade\/","og_site_name":"Waikiki | No es un Mel\u00f3n, Es un Fruto Ex\u00f3tico","article_modified_time":"2022-06-06T19:22:37+00:00","twitter_card":"summary_large_image","twitter_misc":{"Tempo estimado de leitura":"7 minutos"},"schema":{"@context":"https:\/\/schema.org","@graph":[{"@type":"WebPage","@id":"https:\/\/www.exoticwaikiki.com\/pt-pt\/politica-de-privacidade\/","url":"https:\/\/www.exoticwaikiki.com\/pt-pt\/politica-de-privacidade\/","name":"Pol\u00edtica de Privacidade | Waikiki | No es un Mel\u00f3n, Es un Fruto Ex\u00f3tico","isPartOf":{"@id":"https:\/\/www.exoticwaikiki.com\/pt-pt\/#website"},"datePublished":"2022-06-02T17:17:56+00:00","dateModified":"2022-06-06T19:22:37+00:00","breadcrumb":{"@id":"https:\/\/www.exoticwaikiki.com\/pt-pt\/politica-de-privacidade\/#breadcrumb"},"inLanguage":"pt-PT","potentialAction":[{"@type":"ReadAction","target":["https:\/\/www.exoticwaikiki.com\/pt-pt\/politica-de-privacidade\/"]}]},{"@type":"BreadcrumbList","@id":"https:\/\/www.exoticwaikiki.com\/pt-pt\/politica-de-privacidade\/#breadcrumb","itemListElement":[{"@type":"ListItem","position":1,"name":"Portada","item":"https:\/\/www.exoticwaikiki.com\/pt-pt\/"},{"@type":"ListItem","position":2,"name":"Pol\u00edtica de Privacidade"}]},{"@type":"WebSite","@id":"https:\/\/www.exoticwaikiki.com\/pt-pt\/#website","url":"https:\/\/www.exoticwaikiki.com\/pt-pt\/","name":"Waikiki | No es un Mel\u00f3n, Es un Fruto Ex\u00f3tico","description":"Exotic Waikiki. M\u00e1s que un mel\u00f3n es una fruta ex\u00f3tica, jugosa, dulce y refrescante.","publisher":{"@id":"https:\/\/www.exoticwaikiki.com\/pt-pt\/#organization"},"potentialAction":[{"@type":"SearchAction","target":{"@type":"EntryPoint","urlTemplate":"https:\/\/www.exoticwaikiki.com\/pt-pt\/?s={search_term_string}"},"query-input":{"@type":"PropertyValueSpecification","valueRequired":true,"valueName":"search_term_string"}}],"inLanguage":"pt-PT"},{"@type":"Organization","@id":"https:\/\/www.exoticwaikiki.com\/pt-pt\/#organization","name":"Waikiki","url":"https:\/\/www.exoticwaikiki.com\/pt-pt\/","logo":{"@type":"ImageObject","inLanguage":"pt-PT","@id":"https:\/\/www.exoticwaikiki.com\/pt-pt\/#\/schema\/logo\/image\/","url":"https:\/\/www.exoticwaikiki.com\/wp-content\/uploads\/2022\/04\/logo-waikiki-melon-exotic-exquisite-rgb.png","contentUrl":"https:\/\/www.exoticwaikiki.com\/wp-content\/uploads\/2022\/04\/logo-waikiki-melon-exotic-exquisite-rgb.png","width":500,"height":500,"caption":"Waikiki"},"image":{"@id":"https:\/\/www.exoticwaikiki.com\/pt-pt\/#\/schema\/logo\/image\/"}}]}},"_links":{"self":[{"href":"https:\/\/www.exoticwaikiki.com\/pt-pt\/wp-json\/wp\/v2\/pages\/10233","targetHints":{"allow":["GET"]}}],"collection":[{"href":"https:\/\/www.exoticwaikiki.com\/pt-pt\/wp-json\/wp\/v2\/pages"}],"about":[{"href":"https:\/\/www.exoticwaikiki.com\/pt-pt\/wp-json\/wp\/v2\/types\/page"}],"author":[{"embeddable":true,"href":"https:\/\/www.exoticwaikiki.com\/pt-pt\/wp-json\/wp\/v2\/users\/1"}],"replies":[{"embeddable":true,"href":"https:\/\/www.exoticwaikiki.com\/pt-pt\/wp-json\/wp\/v2\/comments?post=10233"}],"version-history":[{"count":0,"href":"https:\/\/www.exoticwaikiki.com\/pt-pt\/wp-json\/wp\/v2\/pages\/10233\/revisions"}],"wp:attachment":[{"href":"https:\/\/www.exoticwaikiki.com\/pt-pt\/wp-json\/wp\/v2\/media?parent=10233"}],"curies":[{"name":"wp","href":"https:\/\/api.w.org\/{rel}","templated":true}]}}